{"id":2302,"date":"2018-10-31T22:46:38","date_gmt":"2018-10-31T22:46:38","guid":{"rendered":"http:\/\/premium.inwestmentors.hu\/wp\/?page_id=2302"},"modified":"2018-11-26T00:35:29","modified_gmt":"2018-11-26T00:35:29","slug":"kapcsolat","status":"publish","type":"page","link":"http:\/\/premium.inwestmentors.hu\/wp\/kapcsolat\/","title":{"rendered":"Kapcsolat"},"content":{"rendered":"<p><div class=\"fusion-fullwidth fullwidth-box fusion-builder-row-1 fusion-parallax-none hundred-percent-fullwidth non-hundred-percent-height-scrolling\" style=\"background-color: #f3f3f3;background-image: url(&quot;http:\/\/premium.inwestmentors.hu\/wp\/wp-content\/uploads\/2018\/11\/hkap-e1543189610720.png&quot;);background-position: center center;background-repeat: no-repeat;padding-top:0px;padding-right:0px;padding-bottom:0px;padding-left:0px;margin-bottom: 0px;margin-top: 0px;border-width: 0px 0px 0px 0px;border-color:#eae9e9;border-style:solid;-webkit-background-size:cover;-moz-background-size:cover;-o-background-size:cover;background-size:cover;\" ><div class=\"fusion-builder-row fusion-row\"><div class=\"fusion-layout-column fusion_builder_column fusion-builder-column-0 fusion_builder_column_1_2 1_2 fusion-one-half fusion-column-first\" style=\"width:50%;width:calc(50% - ( ( 4% ) * 0.5 ) );margin-right: 4%;margin-top:0px;margin-bottom:20px;\"><div class=\"fusion-column-wrapper fusion-flex-column-wrapper-legacy\" style=\"background-position:left top;background-repeat:no-repeat;-webkit-background-size:cover;-moz-background-size:cover;-o-background-size:cover;background-size:cover;padding: 0px 0px 0px 0px;\"><div class=\"fusion-text fusion-text-1\">\n<\/div><div class=\"fusion-clearfix\"><\/div><\/div><\/div><\/div><\/div><div class=\"fusion-fullwidth fullwidth-box fusion-builder-row-2 nonhundred-percent-fullwidth non-hundred-percent-height-scrolling\" style=\"background-color: rgba(255,255,255,0);background-position: center center;background-repeat: no-repeat;padding-top:0px;padding-right:0px;padding-bottom:0px;padding-left:0px;margin-bottom: 0px;margin-top: 0px;border-width: 0px 0px 0px 0px;border-color:#eae9e9;border-style:solid;\" ><div class=\"fusion-builder-row fusion-row\"><div class=\"fusion-layout-column fusion_builder_column fusion-builder-column-1 fusion_builder_column_1_1 1_1 fusion-one-full fusion-column-first fusion-column-last\" style=\"margin-top:0px;margin-bottom:20px;\"><div class=\"fusion-column-wrapper fusion-flex-column-wrapper-legacy\" style=\"background-position:left top;background-repeat:no-repeat;-webkit-background-size:cover;-moz-background-size:cover;-o-background-size:cover;background-size:cover;padding: 0px 0px 0px 0px;\"><div class=\"fusion-text fusion-text-2\"><div style=\"color: black;\">\n<h6><strong>Mi t\u00f6rt\u00e9nik a jelentkez\u00e9sed ut\u00e1n?<\/strong><\/h6>\n<h6>Az adataid be\u00e9rkez\u00e9se ut\u00e1n Judit koll\u00e9gan\u0151nk keresni fog 48 \u00f3r\u00e1n bel\u00fcl. Tov\u00e1bbi r\u00e9szleteket tudhatsz meg a priv\u00e1t banki szolg\u00e1ltat\u00e1sunkr\u00f3l \u00e9s az e-Mobility vagyonkezel\u00e9sr\u0151l.<\/h6>\n<h6>Konzult\u00e1ci\u00f3nkat Budapesten bel\u00fcl k\u00f6zponti irod\u00e1nkban, c\u00e9g\u00fcnk sz\u00e9khely\u00e9n, az\u00a0<strong>Andr\u00e1ssy \u00fat 100<\/strong>.-ban tartjuk, de ig\u00e9ny szerint szem\u00e9lyesen is felkeress\u00fck, az \u00d6n \u00e1ltal megjel\u00f6lt helyen,\u00a0<strong>az eg\u00e9sz orsz\u00e1g ter\u00fclet\u00e9n<\/strong>. N\u00e1lunk garant\u00e1ltan nem kell sorsz\u00e1mot h\u00faznia \u00e9s hosszasan v\u00e1rakoznia.\u00a0<strong>A megbesz\u00e9lt helyen \u00e9s id\u0151ben tal\u00e1lkozni fogunk!<\/strong><\/h6>\n<\/div>\n<\/div><div class=\"fusion-clearfix\"><\/div><\/div><\/div><\/div><\/div><\/p>\n","protected":false},"excerpt":{"rendered":"","protected":false},"author":1,"featured_media":0,"parent":0,"menu_order":0,"comment_status":"closed","ping_status":"closed","template":"100-width.php","meta":{"footnotes":""},"class_list":["post-2302","page","type-page","status-publish","hentry"],"_links":{"self":[{"href":"http:\/\/premium.inwestmentors.hu\/wp\/wp-json\/wp\/v2\/pages\/2302","targetHints":{"allow":["GET"]}}],"collection":[{"href":"http:\/\/premium.inwestmentors.hu\/wp\/wp-json\/wp\/v2\/pages"}],"about":[{"href":"http:\/\/premium.inwestmentors.hu\/wp\/wp-json\/wp\/v2\/types\/page"}],"author":[{"embeddable":true,"href":"http:\/\/premium.inwestmentors.hu\/wp\/wp-json\/wp\/v2\/users\/1"}],"replies":[{"embeddable":true,"href":"http:\/\/premium.inwestmentors.hu\/wp\/wp-json\/wp\/v2\/comments?post=2302"}],"version-history":[{"count":8,"href":"http:\/\/premium.inwestmentors.hu\/wp\/wp-json\/wp\/v2\/pages\/2302\/revisions"}],"predecessor-version":[{"id":2418,"href":"http:\/\/premium.inwestmentors.hu\/wp\/wp-json\/wp\/v2\/pages\/2302\/revisions\/2418"}],"wp:attachment":[{"href":"http:\/\/premium.inwestmentors.hu\/wp\/wp-json\/wp\/v2\/media?parent=2302"}],"curies":[{"name":"wp","href":"https:\/\/api.w.org\/{rel}","templated":true}]}}